{"id":796,"date":"2018-11-06T11:37:38","date_gmt":"2018-11-27T08:06:52","guid":{"rendered":"http:\/\/orcarefrigerationunit.com\/?post_type=product&#038;p=796"},"modified":"2026-01-15T11:30:00","modified_gmt":"2026-01-15T11:30:00","slug":"sok-evaporatorler","status":"publish","type":"product","link":"https:\/\/orcarefrigerationunit.com\/tr\/urun\/sok-evaporatorler\/","title":{"rendered":"\u015eok Evaporat\u00f6rler"},"content":{"rendered":"","protected":false},"excerpt":{"rendered":"<p>\u015eok evaporat\u00f6rlerimiz geni\u015f \u00e7apta so\u011futma ihtiya\u00e7lar\u0131n\u0131 kar\u015f\u0131layabilmekte olup end\u00fcstriyel so\u011futucu taleplerine cevap verebilmektedir.<\/p>\n<p><i class=\"fa fa-recycle\"><\/i>\u00c7evre Dostu<\/p>\n<p><i class=\"fa fa-certificate\"><\/i>Sertifikal\u0131<\/p>\n<p><i class=\"fa fa-bolt\"><\/i>Enerji Tasarruflu<\/p>\n<p><a href=\"http:\/\/orcarefrigerationunit.com\/wp-content\/uploads\/2018\/11\/Blast-Freezing-Air-Cooler.pdf\" target=\"_blank\" rel=\"noopener\"><img decoding=\"async\" class=\"alignleft wp-image-910 size-full\" src=\"http:\/\/orcarefrigerationunit.com\/wp-content\/uploads\/2018\/11\/pdf.png\" alt=\"Orca Catalogues\" width=\"49\" height=\"48\" \/><\/a><\/p>\n","protected":false},"featured_media":1660,"comment_status":"open","ping_status":"closed","template":"","meta":[],"product_brand":[],"product_cat":[67],"product_tag":[87,77,75,73,79],"class_list":{"0":"post-796","1":"product","2":"type-product","3":"status-publish","4":"has-post-thumbnail","6":"product_cat-evaporatorler","7":"product_tag-air-tr","8":"product_tag-evaporator-tr","9":"product_tag-sogutucu","10":"product_tag-soklama","11":"product_tag-soklama-unitesi","13":"first","14":"instock","15":"shipping-taxable","16":"product-type-simple","17":"customify-col"},"aioseo_notices":[],"_links":{"self":[{"href":"https:\/\/orcarefrigerationunit.com\/tr\/wp-json\/wp\/v2\/product\/796","targetHints":{"allow":["GET"]}}],"collection":[{"href":"https:\/\/orcarefrigerationunit.com\/tr\/wp-json\/wp\/v2\/product"}],"about":[{"href":"https:\/\/orcarefrigerationunit.com\/tr\/wp-json\/wp\/v2\/types\/product"}],"replies":[{"embeddable":true,"href":"https:\/\/orcarefrigerationunit.com\/tr\/wp-json\/wp\/v2\/comments?post=796"}],"wp:featuredmedia":[{"embeddable":true,"href":"https:\/\/orcarefrigerationunit.com\/tr\/wp-json\/wp\/v2\/media\/1660"}],"wp:attachment":[{"href":"https:\/\/orcarefrigerationunit.com\/tr\/wp-json\/wp\/v2\/media?parent=796"}],"wp:term":[{"taxonomy":"product_brand","embeddable":true,"href":"https:\/\/orcarefrigerationunit.com\/tr\/wp-json\/wp\/v2\/product_brand?post=796"},{"taxonomy":"product_cat","embeddable":true,"href":"https:\/\/orcarefrigerationunit.com\/tr\/wp-json\/wp\/v2\/product_cat?post=796"},{"taxonomy":"product_tag","embeddable":true,"href":"https:\/\/orcarefrigerationunit.com\/tr\/wp-json\/wp\/v2\/product_tag?post=796"}],"curies":[{"name":"wp","href":"https:\/\/api.w.org\/{rel}","templated":true}]}}