{"id":794,"date":"2018-11-06T11:29:19","date_gmt":"2018-11-06T11:29:19","guid":{"rendered":"http:\/\/orcarefrigerationunit.com\/product\/slim-evaporators\/"},"modified":"2026-01-15T11:30:44","modified_gmt":"2026-01-15T11:30:44","slug":"kose-tavan-tipi-evaporatorler","status":"publish","type":"product","link":"https:\/\/orcarefrigerationunit.com\/tr\/urun\/kose-tavan-tipi-evaporatorler\/","title":{"rendered":"K\u00f6\u015fe Tavan Tipi Evaporat\u00f6rler"},"content":{"rendered":"","protected":false},"excerpt":{"rendered":"<p>K\u00f6\u015fe Tavan Tipi So\u011fuk oda evaporat\u00f6rlerimiz k\u00fc\u00e7\u00fck ve orta so\u011futma ihtiya\u00e7lar\u0131n\u0131 kar\u015f\u0131layabilmekte olup ticari ve end\u00fcstriyel so\u011futucu taleplerine cevap verebilmektedir.<\/p>\n<p><i class=\"fa fa-recycle\"><\/i>\u00c7evre Dostu<\/p>\n<p><i class=\"fa fa-certificate\"><\/i>Sertifikal\u0131<\/p>\n<p><i class=\"fa fa-bolt\"><\/i>Enerji Tasarruflu<\/p>\n<p><a href=\"http:\/\/orcarefrigerationunit.com\/wp-content\/uploads\/2018\/11\/Corner-Ceiling-Type-Evaporators.pdf\" target=\"_blank\" rel=\"noopener\"><img decoding=\"async\" class=\"alignleft wp-image-910 size-full\" src=\"http:\/\/orcarefrigerationunit.com\/wp-content\/uploads\/2018\/11\/pdf.png\" alt=\"Orca Catalogues\" width=\"49\" height=\"48\" \/><\/a><\/p>\n","protected":false},"featured_media":1647,"comment_status":"open","ping_status":"closed","template":"","meta":[],"product_brand":[],"product_cat":[67],"product_tag":[76,77,83,72],"class_list":{"0":"post-794","1":"product","2":"type-product","3":"status-publish","4":"has-post-thumbnail","6":"product_cat-evaporatorler","7":"product_tag-evaporator","8":"product_tag-evaporator-tr","9":"product_tag-oda","10":"product_tag-soguk","12":"first","13":"instock","14":"shipping-taxable","15":"product-type-simple","16":"customify-col"},"aioseo_notices":[],"_links":{"self":[{"href":"https:\/\/orcarefrigerationunit.com\/tr\/wp-json\/wp\/v2\/product\/794","targetHints":{"allow":["GET"]}}],"collection":[{"href":"https:\/\/orcarefrigerationunit.com\/tr\/wp-json\/wp\/v2\/product"}],"about":[{"href":"https:\/\/orcarefrigerationunit.com\/tr\/wp-json\/wp\/v2\/types\/product"}],"replies":[{"embeddable":true,"href":"https:\/\/orcarefrigerationunit.com\/tr\/wp-json\/wp\/v2\/comments?post=794"}],"wp:featuredmedia":[{"embeddable":true,"href":"https:\/\/orcarefrigerationunit.com\/tr\/wp-json\/wp\/v2\/media\/1647"}],"wp:attachment":[{"href":"https:\/\/orcarefrigerationunit.com\/tr\/wp-json\/wp\/v2\/media?parent=794"}],"wp:term":[{"taxonomy":"product_brand","embeddable":true,"href":"https:\/\/orcarefrigerationunit.com\/tr\/wp-json\/wp\/v2\/product_brand?post=794"},{"taxonomy":"product_cat","embeddable":true,"href":"https:\/\/orcarefrigerationunit.com\/tr\/wp-json\/wp\/v2\/product_cat?post=794"},{"taxonomy":"product_tag","embeddable":true,"href":"https:\/\/orcarefrigerationunit.com\/tr\/wp-json\/wp\/v2\/product_tag?post=794"}],"curies":[{"name":"wp","href":"https:\/\/api.w.org\/{rel}","templated":true}]}}