{"id":791,"date":"2018-11-06T11:26:49","date_gmt":"2018-11-06T11:26:49","guid":{"rendered":"http:\/\/orcarefrigerationunit.com\/product\/twin-flow-glycol-evaporators\/"},"modified":"2026-01-15T11:31:26","modified_gmt":"2026-01-15T11:31:26","slug":"cift-uflemeli-glikol-evaporatorler","status":"publish","type":"product","link":"https:\/\/orcarefrigerationunit.com\/tr\/urun\/cift-uflemeli-glikol-evaporatorler\/","title":{"rendered":"\u00c7ift \u00dcflemeli Glikol Evaporat\u00f6rler"},"content":{"rendered":"","protected":false},"excerpt":{"rendered":"<p>\u00c7ift \u00fcflemeli glikol evaporat\u00f6rlerimiz ticari ve end\u00fcstriyel so\u011fuk odalar\u0131na uygulanabilen uygun oda so\u011futucular\u0131 olup 3,9kW\/123,8kW gibi geni\u015f bir kapasite aral\u0131\u011f\u0131n\u0131 i\u00e7ermektedir.<\/p>\n<p><i class=\"fa fa-recycle\"><\/i>\u00c7evre Dostu<\/p>\n<p><i class=\"fa fa-certificate\"><\/i>Sertifikal\u0131<\/p>\n<p><i class=\"fa fa-bolt\"><\/i>Enerji Tasarruflu<\/p>\n<p><a href=\"http:\/\/orcarefrigerationunit.com\/wp-content\/uploads\/2018\/11\/Twin-Flow-Glycol-Evaporators.pdf\" target=\"_blank\" rel=\"noopener\"><img decoding=\"async\" class=\"alignleft wp-image-910 size-full\" src=\"http:\/\/orcarefrigerationunit.com\/wp-content\/uploads\/2018\/11\/pdf.png\" alt=\"Orca Catalogues\" width=\"49\" height=\"48\" \/><\/a><\/p>\n","protected":false},"featured_media":1646,"comment_status":"open","ping_status":"closed","template":"","meta":[],"product_brand":[],"product_cat":[67],"product_tag":[84,77,80,83,72,85],"class_list":{"0":"post-791","1":"product","2":"type-product","3":"status-publish","4":"has-post-thumbnail","6":"product_cat-evaporatorler","7":"product_tag-cift-uflemeli","8":"product_tag-evaporator-tr","9":"product_tag-glikol","10":"product_tag-oda","11":"product_tag-soguk","12":"product_tag-su","14":"first","15":"instock","16":"shipping-taxable","17":"product-type-simple","18":"customify-col"},"aioseo_notices":[],"_links":{"self":[{"href":"https:\/\/orcarefrigerationunit.com\/tr\/wp-json\/wp\/v2\/product\/791","targetHints":{"allow":["GET"]}}],"collection":[{"href":"https:\/\/orcarefrigerationunit.com\/tr\/wp-json\/wp\/v2\/product"}],"about":[{"href":"https:\/\/orcarefrigerationunit.com\/tr\/wp-json\/wp\/v2\/types\/product"}],"replies":[{"embeddable":true,"href":"https:\/\/orcarefrigerationunit.com\/tr\/wp-json\/wp\/v2\/comments?post=791"}],"wp:featuredmedia":[{"embeddable":true,"href":"https:\/\/orcarefrigerationunit.com\/tr\/wp-json\/wp\/v2\/media\/1646"}],"wp:attachment":[{"href":"https:\/\/orcarefrigerationunit.com\/tr\/wp-json\/wp\/v2\/media?parent=791"}],"wp:term":[{"taxonomy":"product_brand","embeddable":true,"href":"https:\/\/orcarefrigerationunit.com\/tr\/wp-json\/wp\/v2\/product_brand?post=791"},{"taxonomy":"product_cat","embeddable":true,"href":"https:\/\/orcarefrigerationunit.com\/tr\/wp-json\/wp\/v2\/product_cat?post=791"},{"taxonomy":"product_tag","embeddable":true,"href":"https:\/\/orcarefrigerationunit.com\/tr\/wp-json\/wp\/v2\/product_tag?post=791"}],"curies":[{"name":"wp","href":"https:\/\/api.w.org\/{rel}","templated":true}]}}