{"id":785,"date":"2018-11-06T11:17:13","date_gmt":"2018-11-06T11:17:13","guid":{"rendered":"http:\/\/orcarefrigerationunit.com\/product\/standard-glycol-evaporators\/"},"modified":"2026-01-15T11:32:52","modified_gmt":"2026-01-15T11:32:52","slug":"standart-glikol-evaporatorler","status":"publish","type":"product","link":"https:\/\/orcarefrigerationunit.com\/tr\/urun\/standart-glikol-evaporatorler\/","title":{"rendered":"Standart Glikol Evaporat\u00f6rler"},"content":{"rendered":"","protected":false},"excerpt":{"rendered":"<p>Su \/ Glikol evaporat\u00f6rlerimiz ticari ve end\u00fcstriyel so\u011fuk odalar\u0131na uygulanabilen uygun oda so\u011futucular\u0131 olup 3,9kW\/123,8kW gibi geni\u015f bir kapasite aral\u0131\u011f\u0131n\u0131 i\u00e7ermektedir<\/p>\n<p><i class=\"fa fa-recycle\"><\/i>\u00c7evre Dostu<\/p>\n<p><i class=\"fa fa-certificate\"><\/i>Sertifikal\u0131<\/p>\n<p><i class=\"fa fa-bolt\"><\/i>Enerji Tasarruflu<\/p>\n<p><a href=\"http:\/\/orcarefrigerationunit.com\/wp-content\/uploads\/2018\/11\/Standard-Glycol-Evaporators.pdf\"><img decoding=\"async\" class=\"alignleft wp-image-910 size-full\" src=\"http:\/\/orcarefrigerationunit.com\/wp-content\/uploads\/2018\/11\/pdf.png\" alt=\"Orca Catalogues\" width=\"49\" height=\"48\" \/><\/a><\/p>\n","protected":false},"featured_media":1643,"comment_status":"open","ping_status":"closed","template":"","meta":[],"product_brand":[],"product_cat":[67],"product_tag":[77,80,83,72,85],"class_list":{"0":"post-785","1":"product","2":"type-product","3":"status-publish","4":"has-post-thumbnail","6":"product_cat-evaporatorler","7":"product_tag-evaporator-tr","8":"product_tag-glikol","9":"product_tag-oda","10":"product_tag-soguk","11":"product_tag-su","13":"first","14":"instock","15":"shipping-taxable","16":"product-type-simple","17":"customify-col"},"aioseo_notices":[],"_links":{"self":[{"href":"https:\/\/orcarefrigerationunit.com\/tr\/wp-json\/wp\/v2\/product\/785","targetHints":{"allow":["GET"]}}],"collection":[{"href":"https:\/\/orcarefrigerationunit.com\/tr\/wp-json\/wp\/v2\/product"}],"about":[{"href":"https:\/\/orcarefrigerationunit.com\/tr\/wp-json\/wp\/v2\/types\/product"}],"replies":[{"embeddable":true,"href":"https:\/\/orcarefrigerationunit.com\/tr\/wp-json\/wp\/v2\/comments?post=785"}],"wp:featuredmedia":[{"embeddable":true,"href":"https:\/\/orcarefrigerationunit.com\/tr\/wp-json\/wp\/v2\/media\/1643"}],"wp:attachment":[{"href":"https:\/\/orcarefrigerationunit.com\/tr\/wp-json\/wp\/v2\/media?parent=785"}],"wp:term":[{"taxonomy":"product_brand","embeddable":true,"href":"https:\/\/orcarefrigerationunit.com\/tr\/wp-json\/wp\/v2\/product_brand?post=785"},{"taxonomy":"product_cat","embeddable":true,"href":"https:\/\/orcarefrigerationunit.com\/tr\/wp-json\/wp\/v2\/product_cat?post=785"},{"taxonomy":"product_tag","embeddable":true,"href":"https:\/\/orcarefrigerationunit.com\/tr\/wp-json\/wp\/v2\/product_tag?post=785"}],"curies":[{"name":"wp","href":"https:\/\/api.w.org\/{rel}","templated":true}]}}