{"id":776,"date":"2018-11-05T13:26:51","date_gmt":"2018-11-05T13:26:51","guid":{"rendered":"http:\/\/orcarefrigerationunit.com\/product\/ethylene-absorber\/"},"modified":"2026-01-15T11:34:21","modified_gmt":"2026-01-15T11:34:21","slug":"etilen-alma-cihazi","status":"publish","type":"product","link":"https:\/\/orcarefrigerationunit.com\/tr\/urun\/etilen-alma-cihazi\/","title":{"rendered":"Etilen Alma Cihaz\u0131"},"content":{"rendered":"","protected":false},"excerpt":{"rendered":"<p>Etilen alma cihaz\u0131, muhafaza edilen \u00fcr\u00fcn\u00fcn depolama \u00f6mr\u00fcn\u00fcn uzat\u0131lmas\u0131 i\u00e7in so\u011fuk depo i\u00e7inde olu\u015fan etilen gaz\u0131n\u0131 ortamdan uzakla\u015ft\u0131r\u0131r.<\/p>\n<p><i class=\"fa fa-recycle\"><\/i>\u00c7evre Dostu<\/p>\n<p><i class=\"fa fa-certificate\"><\/i>Sertifikal\u0131<\/p>\n<p><i class=\"fa fa-bolt\"><\/i>Enerji Tasarruflu<\/p>\n<p><a href=\"http:\/\/orcarefrigerationunit.com\/wp-content\/uploads\/2018\/11\/Ethylene-Absorber-Orca.pdf\" target=\"_blank\" rel=\"noopener\"><img decoding=\"async\" class=\"alignleft wp-image-910 size-full\" src=\"http:\/\/orcarefrigerationunit.com\/wp-content\/uploads\/2018\/11\/pdf.png\" alt=\"Orca Catalogues\" width=\"49\" height=\"48\" \/><\/a><\/p>\n","protected":false},"featured_media":687,"comment_status":"open","ping_status":"closed","template":"","meta":[],"product_brand":[],"product_cat":[53],"product_tag":[54,55,48],"class_list":{"0":"post-776","1":"product","2":"type-product","3":"status-publish","4":"has-post-thumbnail","6":"product_cat-diger-cihazlar","7":"product_tag-alma-cihazi","8":"product_tag-etilen","9":"product_tag-orca-tr","11":"first","12":"instock","13":"shipping-taxable","14":"product-type-simple","15":"customify-col"},"aioseo_notices":[],"_links":{"self":[{"href":"https:\/\/orcarefrigerationunit.com\/tr\/wp-json\/wp\/v2\/product\/776","targetHints":{"allow":["GET"]}}],"collection":[{"href":"https:\/\/orcarefrigerationunit.com\/tr\/wp-json\/wp\/v2\/product"}],"about":[{"href":"https:\/\/orcarefrigerationunit.com\/tr\/wp-json\/wp\/v2\/types\/product"}],"replies":[{"embeddable":true,"href":"https:\/\/orcarefrigerationunit.com\/tr\/wp-json\/wp\/v2\/comments?post=776"}],"wp:featuredmedia":[{"embeddable":true,"href":"https:\/\/orcarefrigerationunit.com\/tr\/wp-json\/wp\/v2\/media\/687"}],"wp:attachment":[{"href":"https:\/\/orcarefrigerationunit.com\/tr\/wp-json\/wp\/v2\/media?parent=776"}],"wp:term":[{"taxonomy":"product_brand","embeddable":true,"href":"https:\/\/orcarefrigerationunit.com\/tr\/wp-json\/wp\/v2\/product_brand?post=776"},{"taxonomy":"product_cat","embeddable":true,"href":"https:\/\/orcarefrigerationunit.com\/tr\/wp-json\/wp\/v2\/product_cat?post=776"},{"taxonomy":"product_tag","embeddable":true,"href":"https:\/\/orcarefrigerationunit.com\/tr\/wp-json\/wp\/v2\/product_tag?post=776"}],"curies":[{"name":"wp","href":"https:\/\/api.w.org\/{rel}","templated":true}]}}