{"id":767,"date":"2018-11-05T09:28:45","date_gmt":"2018-11-05T09:28:45","guid":{"rendered":"http:\/\/orcarefrigerationunit.com\/product\/blast-freezer\/"},"modified":"2026-01-15T11:35:33","modified_gmt":"2026-01-15T11:35:33","slug":"soklama-uniteleri","status":"publish","type":"product","link":"https:\/\/orcarefrigerationunit.com\/tr\/urun\/soklama-uniteleri\/","title":{"rendered":"\u015eoklama \u00dcniteleri"},"content":{"rendered":"","protected":false},"excerpt":{"rendered":"<p>G\u0131da g\u00fcvenli\u011fi a\u00e7\u0131s\u0131ndan uzun s\u00fcre muhafaza edilecek \u00fcr\u00fcnler \u00e7ekirdek s\u0131cakl\u0131\u011f\u0131 -18 C\u2019ye kadar \u015foklanmal\u0131 ve daha sonra donmu\u015f muhafaza odas\u0131na al\u0131nmal\u0131d\u0131r.<\/p>\n<p><i class=\"fa fa-recycle\"><\/i>\u00c7evre Dostu<\/p>\n<p><i class=\"fa fa-certificate\"><\/i>Sertifikal\u0131<\/p>\n<p><i class=\"fa fa-bolt\"><\/i>Enerji Tasarruflu<\/p>\n<p><a href=\"http:\/\/orcarefrigerationunit.com\/wp-content\/uploads\/2018\/11\/Blast-Freezer.pdf\" target=\"_blank\" rel=\"noopener noreferrer\"><img decoding=\"async\" class=\"alignleft wp-image-910 size-full\" src=\"http:\/\/orcarefrigerationunit.com\/wp-content\/uploads\/2018\/11\/pdf.png\" alt=\"Orca Catalogues\" width=\"49\" height=\"48\" \/><\/a><\/p>\n","protected":false},"featured_media":1674,"comment_status":"open","ping_status":"closed","template":"","meta":[],"product_brand":[],"product_cat":[47],"product_tag":[73,52,78],"class_list":{"0":"post-767","1":"product","2":"type-product","3":"status-publish","4":"has-post-thumbnail","6":"product_cat-sogutma-sistemleri","7":"product_tag-soklama","8":"product_tag-uniteleri","9":"product_tag-unitesi","11":"first","12":"instock","13":"shipping-taxable","14":"product-type-simple","15":"customify-col"},"aioseo_notices":[],"_links":{"self":[{"href":"https:\/\/orcarefrigerationunit.com\/tr\/wp-json\/wp\/v2\/product\/767","targetHints":{"allow":["GET"]}}],"collection":[{"href":"https:\/\/orcarefrigerationunit.com\/tr\/wp-json\/wp\/v2\/product"}],"about":[{"href":"https:\/\/orcarefrigerationunit.com\/tr\/wp-json\/wp\/v2\/types\/product"}],"replies":[{"embeddable":true,"href":"https:\/\/orcarefrigerationunit.com\/tr\/wp-json\/wp\/v2\/comments?post=767"}],"wp:featuredmedia":[{"embeddable":true,"href":"https:\/\/orcarefrigerationunit.com\/tr\/wp-json\/wp\/v2\/media\/1674"}],"wp:attachment":[{"href":"https:\/\/orcarefrigerationunit.com\/tr\/wp-json\/wp\/v2\/media?parent=767"}],"wp:term":[{"taxonomy":"product_brand","embeddable":true,"href":"https:\/\/orcarefrigerationunit.com\/tr\/wp-json\/wp\/v2\/product_brand?post=767"},{"taxonomy":"product_cat","embeddable":true,"href":"https:\/\/orcarefrigerationunit.com\/tr\/wp-json\/wp\/v2\/product_cat?post=767"},{"taxonomy":"product_tag","embeddable":true,"href":"https:\/\/orcarefrigerationunit.com\/tr\/wp-json\/wp\/v2\/product_tag?post=767"}],"curies":[{"name":"wp","href":"https:\/\/api.w.org\/{rel}","templated":true}]}}