{"id":764,"date":"2018-11-05T09:22:16","date_gmt":"2018-11-05T09:22:16","guid":{"rendered":"http:\/\/orcarefrigerationunit.com\/product\/central-refrigeration-units\/"},"modified":"2026-02-26T12:26:02","modified_gmt":"2026-02-26T12:26:02","slug":"merkezi-sogutma-uniteleri","status":"publish","type":"product","link":"https:\/\/orcarefrigerationunit.com\/tr\/urun\/merkezi-sogutma-uniteleri\/","title":{"rendered":"Merkezi So\u011futma \u00dcniteleri"},"content":{"rendered":"","protected":false},"excerpt":{"rendered":"<p>So\u011fuk ve donmu\u015f muhafaza odalar\u0131 \u015fartlar\u0131na uygun olarak \u00fcretilir. Avrupa Birli\u011fi normlar\u0131na uygun olup CE markal\u0131 olarak imal edilir.<\/p>\n<p><i class=\"fa fa-recycle\"><\/i>\u00c7evre Dostu<\/p>\n<p><i class=\"fa fa-certificate\"><\/i>Sertifikal\u0131<\/p>\n<p><i class=\"fa fa-bolt\"><\/i>Enerji Tasarruflu<\/p>\n<p><a href=\"http:\/\/orcarefrigerationunit.com\/wp-content\/uploads\/2019\/07\/Orca-Central-Refrigeration-Units-2019.pdf\" target=\"_blank\" rel=\"noopener noreferrer\"><img decoding=\"async\" class=\"alignleft wp-image-910 size-full\" src=\"http:\/\/orcarefrigerationunit.com\/wp-content\/uploads\/2018\/11\/pdf.png\" alt=\"Orca Catalogues\" width=\"49\" height=\"48\" \/><\/a><\/p>\n","protected":false},"featured_media":1663,"comment_status":"open","ping_status":"closed","template":"","meta":[],"product_brand":[],"product_cat":[47],"product_tag":[74,51,49,52],"class_list":{"0":"post-764","1":"product","2":"type-product","3":"status-publish","4":"has-post-thumbnail","6":"product_cat-sogutma-sistemleri","7":"product_tag-merkezi","8":"product_tag-sistemleri","9":"product_tag-sogutma","10":"product_tag-uniteleri","12":"first","13":"instock","14":"shipping-taxable","15":"product-type-simple","16":"customify-col","17":"product-has-gallery"},"aioseo_notices":[],"_links":{"self":[{"href":"https:\/\/orcarefrigerationunit.com\/tr\/wp-json\/wp\/v2\/product\/764","targetHints":{"allow":["GET"]}}],"collection":[{"href":"https:\/\/orcarefrigerationunit.com\/tr\/wp-json\/wp\/v2\/product"}],"about":[{"href":"https:\/\/orcarefrigerationunit.com\/tr\/wp-json\/wp\/v2\/types\/product"}],"replies":[{"embeddable":true,"href":"https:\/\/orcarefrigerationunit.com\/tr\/wp-json\/wp\/v2\/comments?post=764"}],"wp:featuredmedia":[{"embeddable":true,"href":"https:\/\/orcarefrigerationunit.com\/tr\/wp-json\/wp\/v2\/media\/1663"}],"wp:attachment":[{"href":"https:\/\/orcarefrigerationunit.com\/tr\/wp-json\/wp\/v2\/media?parent=764"}],"wp:term":[{"taxonomy":"product_brand","embeddable":true,"href":"https:\/\/orcarefrigerationunit.com\/tr\/wp-json\/wp\/v2\/product_brand?post=764"},{"taxonomy":"product_cat","embeddable":true,"href":"https:\/\/orcarefrigerationunit.com\/tr\/wp-json\/wp\/v2\/product_cat?post=764"},{"taxonomy":"product_tag","embeddable":true,"href":"https:\/\/orcarefrigerationunit.com\/tr\/wp-json\/wp\/v2\/product_tag?post=764"}],"curies":[{"name":"wp","href":"https:\/\/api.w.org\/{rel}","templated":true}]}}