{"id":757,"date":"2018-11-05T08:45:23","date_gmt":"2018-11-05T08:45:23","guid":{"rendered":"http:\/\/orcarefrigerationunit.com\/product\/split-refrigeration-units\/"},"modified":"2026-01-16T06:46:11","modified_gmt":"2026-01-16T06:46:11","slug":"split-sogutma-uniteleri","status":"publish","type":"product","link":"https:\/\/orcarefrigerationunit.com\/tr\/urun\/split-sogutma-uniteleri\/","title":{"rendered":"Split So\u011futma \u00dcniteleri"},"content":{"rendered":"","protected":false},"excerpt":{"rendered":"<p>So\u011fuk\u00a0ve\u00a0donmu\u015f\u00a0muhafaza odalar\u0131 \u015fartlar\u0131na uygun olarak \u00fcretilir. Avrupa Birli\u011fi normlar\u0131na uygun olup CE markal\u0131 olarak imal edilir.<\/p>\n<p><i class=\"fa fa-recycle\"><\/i>\u00c7evre Dostu<\/p>\n<p><i class=\"fa fa-certificate\"><\/i>Sertifikal\u0131<\/p>\n<p><i class=\"fa fa-bolt\"><\/i>Enerji Tasarruflu<\/p>\n<p><a href=\"http:\/\/orcarefrigerationunit.com\/wp-content\/uploads\/2021\/12\/Orca%20Refrigeration%20Split.pdf\" target=\"_blank\" rel=\"noopener noreferrer\"><img decoding=\"async\" class=\"alignleft wp-image-910 size-full\" src=\"http:\/\/orcarefrigerationunit.com\/wp-content\/uploads\/2018\/11\/pdf.png\" alt=\"Orca Catalogues\" width=\"49\" height=\"48\" \/><\/a><\/p>\n","protected":false},"featured_media":1671,"comment_status":"open","ping_status":"closed","template":"","meta":[],"product_brand":[],"product_cat":[47],"product_tag":[48,51,49,50,52],"class_list":{"0":"post-757","1":"product","2":"type-product","3":"status-publish","4":"has-post-thumbnail","6":"product_cat-sogutma-sistemleri","7":"product_tag-orca-tr","8":"product_tag-sistemleri","9":"product_tag-sogutma","10":"product_tag-split-tr","11":"product_tag-uniteleri","13":"first","14":"instock","15":"shipping-taxable","16":"product-type-simple","17":"customify-col","18":"product-has-gallery"},"aioseo_notices":[],"_links":{"self":[{"href":"https:\/\/orcarefrigerationunit.com\/tr\/wp-json\/wp\/v2\/product\/757","targetHints":{"allow":["GET"]}}],"collection":[{"href":"https:\/\/orcarefrigerationunit.com\/tr\/wp-json\/wp\/v2\/product"}],"about":[{"href":"https:\/\/orcarefrigerationunit.com\/tr\/wp-json\/wp\/v2\/types\/product"}],"replies":[{"embeddable":true,"href":"https:\/\/orcarefrigerationunit.com\/tr\/wp-json\/wp\/v2\/comments?post=757"}],"wp:featuredmedia":[{"embeddable":true,"href":"https:\/\/orcarefrigerationunit.com\/tr\/wp-json\/wp\/v2\/media\/1671"}],"wp:attachment":[{"href":"https:\/\/orcarefrigerationunit.com\/tr\/wp-json\/wp\/v2\/media?parent=757"}],"wp:term":[{"taxonomy":"product_brand","embeddable":true,"href":"https:\/\/orcarefrigerationunit.com\/tr\/wp-json\/wp\/v2\/product_brand?post=757"},{"taxonomy":"product_cat","embeddable":true,"href":"https:\/\/orcarefrigerationunit.com\/tr\/wp-json\/wp\/v2\/product_cat?post=757"},{"taxonomy":"product_tag","embeddable":true,"href":"https:\/\/orcarefrigerationunit.com\/tr\/wp-json\/wp\/v2\/product_tag?post=757"}],"curies":[{"name":"wp","href":"https:\/\/api.w.org\/{rel}","templated":true}]}}