{"id":755,"date":"2018-11-06T12:16:54","date_gmt":"2018-11-06T12:16:54","guid":{"rendered":"http:\/\/orcarefrigerationunit.com\/product\/www-tekopspareparts-com\/"},"modified":"2018-11-07T05:28:57","modified_gmt":"2018-11-07T05:28:57","slug":"www-tekopspareparts-com","status":"publish","type":"product","link":"https:\/\/orcarefrigerationunit.com\/tr\/urun\/www-tekopspareparts-com\/","title":{"rendered":"www.tekopspareparts.com"},"content":{"rendered":"<p>Distrib\u00fct\u00f6rl\u00fc\u011f\u00fcn\u00fc yapt\u0131\u011f\u0131m\u0131z bir\u00e7ok markan\u0131n <a href=\"https:\/\/www.tekopspareparts.com\/tr\/\">yedek par\u00e7a<\/a> teminini yap\u0131yoruz.<\/p>\n<p><a href=\"https:\/\/www.tekopspareparts.com\/tr\/\">https:\/\/www.tekopspareparts.com\/<\/a><\/p>\n","protected":false},"excerpt":{"rendered":"<p>Distrib\u00fct\u00f6rl\u00fc\u011f\u00fcn\u00fc yapt\u0131\u011f\u0131m\u0131z bir\u00e7ok markan\u0131n yedek par\u00e7a teminini yap\u0131yoruz. https:\/\/www.tekopspareparts.com\/<\/p>\n","protected":false},"featured_media":0,"comment_status":"open","ping_status":"closed","template":"","meta":[],"product_brand":[],"product_cat":[68],"product_tag":[],"class_list":{"0":"post-755","1":"product","2":"type-product","3":"status-publish","5":"product_cat-yedek-parca","7":"first","8":"instock","9":"shipping-taxable","10":"product-type-simple","11":"customify-col"},"aioseo_notices":[],"_links":{"self":[{"href":"https:\/\/orcarefrigerationunit.com\/tr\/wp-json\/wp\/v2\/product\/755","targetHints":{"allow":["GET"]}}],"collection":[{"href":"https:\/\/orcarefrigerationunit.com\/tr\/wp-json\/wp\/v2\/product"}],"about":[{"href":"https:\/\/orcarefrigerationunit.com\/tr\/wp-json\/wp\/v2\/types\/product"}],"replies":[{"embeddable":true,"href":"https:\/\/orcarefrigerationunit.com\/tr\/wp-json\/wp\/v2\/comments?post=755"}],"wp:attachment":[{"href":"https:\/\/orcarefrigerationunit.com\/tr\/wp-json\/wp\/v2\/media?parent=755"}],"wp:term":[{"taxonomy":"product_brand","embeddable":true,"href":"https:\/\/orcarefrigerationunit.com\/tr\/wp-json\/wp\/v2\/product_brand?post=755"},{"taxonomy":"product_cat","embeddable":true,"href":"https:\/\/orcarefrigerationunit.com\/tr\/wp-json\/wp\/v2\/product_cat?post=755"},{"taxonomy":"product_tag","embeddable":true,"href":"https:\/\/orcarefrigerationunit.com\/tr\/wp-json\/wp\/v2\/product_tag?post=755"}],"curies":[{"name":"wp","href":"https:\/\/api.w.org\/{rel}","templated":true}]}}