{"id":714,"date":"2018-11-06T08:19:40","date_gmt":"2018-11-06T08:19:40","guid":{"rendered":"http:\/\/orcarefrigerationunit.com\/hakkinda\/"},"modified":"2019-01-10T12:26:15","modified_gmt":"2019-01-10T12:26:15","slug":"hakkimizda","status":"publish","type":"page","link":"https:\/\/orcarefrigerationunit.com\/tr\/hakkimizda\/","title":{"rendered":"Hakk\u0131m\u0131zda"},"content":{"rendered":"\t\t<div data-elementor-type=\"wp-post\" data-elementor-id=\"714\" class=\"elementor elementor-714 elementor-bc-flex-widget\">\n\t\t\t\t\t\t<section class=\"elementor-section elementor-top-section elementor-element elementor-element-5d176f6 elementor-section-boxed elementor-section-height-default elementor-section-height-default\" data-id=\"5d176f6\" data-element_type=\"section\">\n\t\t\t\t\t\t<div class=\"elementor-container elementor-column-gap-default\">\n\t\t\t\t\t<div class=\"elementor-column elementor-col-50 elementor-top-column elementor-element elementor-element-d4ff5da\" data-id=\"d4ff5da\" data-element_type=\"column\">\n\t\t\t<div class=\"elementor-widget-wrap elementor-element-populated\">\n\t\t\t\t\t\t<div class=\"elementor-element elementor-element-4faed30 elementor-widget elementor-widget-image\" data-id=\"4faed30\" data-element_type=\"widget\" data-widget_type=\"image.default\">\n\t\t\t\t<div class=\"elementor-widget-container\">\n\t\t\t\t\t\t\t\t\t\t\t\t\t\t\t<img decoding=\"async\" width=\"300\" height=\"104\" src=\"https:\/\/orcarefrigerationunit.com\/wp-content\/uploads\/2018\/11\/tekop-logo-png-300x104.png\" class=\"attachment-medium size-medium wp-image-693\" alt=\"\" srcset=\"https:\/\/orcarefrigerationunit.com\/wp-content\/uploads\/2018\/11\/tekop-logo-png-300x104.png 300w, https:\/\/orcarefrigerationunit.com\/wp-content\/uploads\/2018\/11\/tekop-logo-png-768x266.png 768w, https:\/\/orcarefrigerationunit.com\/wp-content\/uploads\/2018\/11\/tekop-logo-png-600x208.png 600w, https:\/\/orcarefrigerationunit.com\/wp-content\/uploads\/2018\/11\/tekop-logo-png.png 1000w\" sizes=\"(max-width: 300px) 100vw, 300px\" \/>\t\t\t\t\t\t\t\t\t\t\t\t\t\t\t<\/div>\n\t\t\t\t<\/div>\n\t\t\t\t<div class=\"elementor-element elementor-element-d432872 elementor-widget elementor-widget-heading\" data-id=\"d432872\" data-element_type=\"widget\" data-widget_type=\"heading.default\">\n\t\t\t\t<div class=\"elementor-widget-container\">\n\t\t\t\t\t<h2 class=\"elementor-heading-title elementor-size-default\">Firma hakk\u0131nda<\/h2>\t\t\t\t<\/div>\n\t\t\t\t<\/div>\n\t\t\t\t<div class=\"elementor-element elementor-element-ea4a0d5 elementor-widget elementor-widget-text-editor\" data-id=\"ea4a0d5\" data-element_type=\"widget\" data-widget_type=\"text-editor.default\">\n\t\t\t\t<div class=\"elementor-widget-container\">\n\t\t\t\t\t\t\t\t\t<p><b>Orca<\/b>\u00a0bir <b>TEKOP GRUP<\/b> \u00fcyesidir.<\/p><p>\u201c Tekop Refrigeration so\u011futma sekt\u00f6r\u00fcnde m\u00fc\u015fterileri i\u00e7in g\u00fcvenilir bir firma olmak amac\u0131yla \u00e7al\u0131\u015fmaktad\u0131r. \u201c<\/p><p>Uluslararas\u0131 yap\u0131lan ticaretlerde g\u00fcvenilir bir firma olmak amac\u0131yla:<\/p><ul><li>M\u00fc\u015fterinin ihtiyac\u0131 olan \u00fcr\u00fcn\u00fc do\u011fru tespit etmek ve yanl\u0131\u015f \u00fcr\u00fcn al\u0131m\u0131n\u0131n \u00f6n\u00fcne ge\u00e7mek.<\/li><li>Do\u011fru \u00fcr\u00fcn\u00fcn do\u011fru fiyatla al\u0131nmas\u0131n\u0131 sa\u011flamak.<\/li><li>\u00dcr\u00fcn\u00fcn zaman\u0131nda, s\u00f6z verildi\u011fi tarihte istenilen yere ula\u015fmas\u0131n\u0131 sa\u011flamak.<\/li><li>\u00dcr\u00fcn\u00fcn istenilen fiziksel \u015fartlarda ula\u015fmas\u0131n\u0131 garanti etmek.<\/li><li>\u00dcr\u00fcn devaml\u0131l\u0131\u011f\u0131n\u0131 sa\u011flamak.<\/li><li>Yenilikleri ve teknolojiyi takip etmek.G\u00f6revlerini yerine getirmek i\u00e7in 2000 y\u0131l\u0131ndan buyana 5 farkl\u0131 \u00fclkede partnerleri ve 50 ye yak\u0131n \u00e7al\u0131\u015fan\u0131yla hizmet vermektedir.\u00a0<\/li><\/ul><p>D\u00fcnya genelinde 46 farkl\u0131 \u00fclkede, bir\u00e7o\u011fu \u201canahtar teslimi\u201d olmak \u00fczere farkl\u0131 b\u00fcy\u00fckl\u00fcklerde projeler ger\u00e7ekle\u015ftirmi\u015ftir.<\/p>\t\t\t\t\t\t\t\t<\/div>\n\t\t\t\t<\/div>\n\t\t\t\t<div class=\"elementor-element elementor-element-523d2f5 elementor-widget elementor-widget-heading\" data-id=\"523d2f5\" data-element_type=\"widget\" data-widget_type=\"heading.default\">\n\t\t\t\t<div class=\"elementor-widget-container\">\n\t\t\t\t\t<h2 class=\"elementor-heading-title elementor-size-default\">Etik Kodu<\/h2>\t\t\t\t<\/div>\n\t\t\t\t<\/div>\n\t\t\t\t<div class=\"elementor-element elementor-element-13ce3a0 elementor-widget elementor-widget-text-editor\" data-id=\"13ce3a0\" data-element_type=\"widget\" data-widget_type=\"text-editor.default\">\n\t\t\t\t<div class=\"elementor-widget-container\">\n\t\t\t\t\t\t\t\t\t<h3>DE\u011eERLER\u0130M\u0130Z<\/h3><p>\u2022 \u0130\u015fimizde uzman\u0131z<br \/>\u2022 Y\u00fcksek ba\u015far\u0131y\u0131 hedefler ve ona ula\u015f\u0131r\u0131z<br \/>\u2022 Yenilik\u00e7i ve yarat\u0131c\u0131y\u0131z<br \/>\u2022 S\u00fcrekli geli\u015fimi destekleriz<\/p><div><h3>\u00d6Z DE\u011eERLER\u0130M\u0130Z<\/h3><\/div><p>\u2022 Kalite<br \/>\u2022 Tutarl\u0131l\u0131k<br \/>\u2022 G\u00fcvenilirlik<br \/>\u2022 Detaylara verilen \u00f6nem<br \/>\u2022 E\u015fsiz hizmet kalitesi<br \/>\u2022 Tasar\u0131m uzmanl\u0131\u011f\u0131<br \/>\u2022 Rekabet<br \/>\u2022 Teknolojik ve organizasyonel inovasyon g\u00fcc\u00fc<br \/>\u2022 \u00c7evreye kar\u015f\u0131 sorumluluk \/ Leed Sertifikasyonuna uyum<br \/>\u2022 \u00c7\u00f6z\u00fcm Ortakl\u0131\u011f\u0131<\/p><div><h3>V\u0130ZYONUMUZ<\/h3><\/div><p>\u2022 Rakiplerinden farkl\u0131, T\u00fcrkiye\u2019de lider,<br \/>global pazarda g\u00fcvenilir ve aranan marka olmak<\/p><div><h3>M\u0130SYONUMUZ<\/h3><\/div><p>\u2022 G\u00fcvenilir, yeniliklere a\u00e7\u0131k ve her konuda \u00f6nc\u00fc<br \/>yakla\u015f\u0131m\u0131yla m\u00fc\u015fterilerimize her zaman en iyi<br \/>\u00fcr\u00fcnleri ve hizmeti vermek,<br \/>\u2022 \u00dclkemiz kanun ve nizamlar\u0131na uygun hareket<br \/>etmek,<br \/>\u2022 Daima \u00e7evre bilincini \u00f6n planda tutarak \u00e7evreye<br \/>duyarl\u0131 ve d\u00fc\u015f\u00fck enerji t\u00fcketimli \u00fcr\u00fcnler sunmak.<\/p>\t\t\t\t\t\t\t\t<\/div>\n\t\t\t\t<\/div>\n\t\t\t\t\t<\/div>\n\t\t<\/div>\n\t\t\t\t<div class=\"elementor-column elementor-col-50 elementor-top-column elementor-element elementor-element-f67e96b\" data-id=\"f67e96b\" data-element_type=\"column\">\n\t\t\t<div class=\"elementor-widget-wrap elementor-element-populated\">\n\t\t\t\t\t\t<div class=\"elementor-element elementor-element-28860a8 elementor-widget elementor-widget-image\" data-id=\"28860a8\" data-element_type=\"widget\" data-widget_type=\"image.default\">\n\t\t\t\t<div class=\"elementor-widget-container\">\n\t\t\t\t\t\t\t\t\t\t\t\t\t\t\t<img decoding=\"async\" width=\"250\" height=\"85\" src=\"https:\/\/orcarefrigerationunit.com\/wp-content\/uploads\/2018\/12\/Orca-Refrigeration-Unit.jpg\" class=\"attachment-medium size-medium wp-image-1098\" alt=\"\" \/>\t\t\t\t\t\t\t\t\t\t\t\t\t\t\t<\/div>\n\t\t\t\t<\/div>\n\t\t\t\t<div class=\"elementor-element elementor-element-9e415d2 elementor-widget elementor-widget-heading\" data-id=\"9e415d2\" data-element_type=\"widget\" data-widget_type=\"heading.default\">\n\t\t\t\t<div class=\"elementor-widget-container\">\n\t\t\t\t\t<h2 class=\"elementor-heading-title elementor-size-default\">Sorumluluklar\u0131m\u0131z<\/h2>\t\t\t\t<\/div>\n\t\t\t\t<\/div>\n\t\t\t\t<div class=\"elementor-element elementor-element-9955e81 elementor-widget elementor-widget-text-editor\" data-id=\"9955e81\" data-element_type=\"widget\" data-widget_type=\"text-editor.default\">\n\t\t\t\t<div class=\"elementor-widget-container\">\n\t\t\t\t\t\t\t\t\t<h3 class=\"title-box_primary\">Yasal Sorumluluklar\u0131m\u0131z<\/h3><p>Yurt i\u00e7i ve yurt d\u0131\u015f\u0131nda mevcut t\u00fcm faaliyet ve i\u015flemlerimizi T.C. yasalar\u0131 ve milletler aras\u0131 hukuk \u00e7er\u00e7evesinde y\u00fcr\u00fct\u00fcr, yasal d\u00fczenleyici kurum ve kurulu\u015flara do\u011fru, tam ve anla\u015f\u0131labilir bilgileri zaman\u0131nda sunar\u0131z.<\/p><div class=\"title-box clearfix \"><h3 class=\"title-box_primary\">\u00a0<\/h3><h3 class=\"title-box_primary\">M\u00fc\u015fterilerimize Kar\u015f\u0131 Sorumluluklar\u0131m\u0131z<\/h3><\/div><p>M\u00fc\u015fteri memnuniyeti odakl\u0131, m\u00fc\u015fterilerimizin ihtiya\u00e7 ve taleplerine en k\u0131sa zamanda, en do\u011fru \u015fekilde cevap veren proaktif bir anlay\u0131\u015fla \u00e7al\u0131\u015f\u0131r\u0131z. Hizmetlerimizi, zaman\u0131nda ve s\u00f6z verdi\u011fimiz ko\u015fullarda sunar; m\u00fc\u015fterilerimize sayg\u0131, onur, adalet, e\u015fitlik ve nezaket kurallar\u0131 \u00e7er\u00e7evesinde yakla\u015f\u0131r\u0131z.<\/p><div class=\"title-box clearfix \"><h3 class=\"title-box_primary\">\u00a0<\/h3><h3 class=\"title-box_primary\">Ortaklar\u0131m\u0131za Kar\u015f\u0131 Sorumluluklar\u0131m\u0131z<\/h3><\/div><p>Tekop Refrigeration\u00a0s\u00fcreklili\u011fine \u00f6ncelikle \u00f6nem vererek ve ortaklar\u0131m\u0131za de\u011fer yaratma hedefi do\u011frultusunda; gereksiz ya da y\u00f6netilemez riskleri almaktan ka\u00e7\u0131n\u0131r, s\u00fcrd\u00fcr\u00fclebilir karl\u0131l\u0131\u011f\u0131 ama\u00e7lar\u0131z.<\/p><div class=\"title-box clearfix \"><h3 class=\"title-box_primary\">\u00a0<\/h3><h3 class=\"title-box_primary\">Tedarik\u00e7i ve \u0130\u015f Ortaklar\u0131m\u0131za Kar\u015f\u0131 Sorumluluklar\u0131m\u0131z<\/h3><\/div><p>\u0130yi bir m\u00fc\u015fteriden beklendi\u011fi \u015fekilde adil ve sayg\u0131l\u0131 davran\u0131r, y\u00fck\u00fcml\u00fcl\u00fcklerimizi zaman\u0131nda yerine getirmek i\u00e7in gerekli \u00f6zeni g\u00f6steririz. \u0130\u015f yapt\u0131\u011f\u0131m\u0131z ki\u015fi ve kurulu\u015flar ile i\u015f ortaklar\u0131m\u0131z\u0131n gizli bilgilerini \u00f6zenle koruruz.<\/p><div class=\"title-box clearfix \"><h3 class=\"title-box_primary\">\u00a0<\/h3><h3 class=\"title-box_primary\">Rakiplerimize Kar\u015f\u0131 Sorumluluklar\u0131m\u0131z<\/h3><\/div><p>Etkin bir \u015fekilde, sadece yasal ve etik olan alanlarda rekabet eder, haks\u0131z rekabetten ka\u00e7\u0131n\u0131r\u0131z. Toplum i\u00e7inde hedeflenen rekabet\u00e7i yap\u0131n\u0131n sa\u011flanmas\u0131na y\u00f6nelik \u00e7al\u0131\u015fmalar\u0131 destekleriz.<\/p><div class=\"title-box clearfix \"><h3 class=\"title-box_primary\">\u00a0<\/h3><h3 class=\"title-box_primary\">Topluma ve \u0130nsanl\u0131\u011fa Kar\u015f\u0131 Sorumluluklar\u0131m\u0131z<\/h3><\/div><p>Demokrasinin, insan haklar\u0131n\u0131n, ve \u00e7evrenin korunmas\u0131; e\u011fitim ve hay\u0131r i\u015fleri, su\u00e7 ve yolsuzluklar\u0131n ortadan kald\u0131r\u0131lmas\u0131 bizim i\u00e7in \u00e7ok \u00f6nemlidir. \u0130yi bir vatanda\u015f olma bilinciyle toplumsal konularda \u00f6nc\u00fc olarak duyarl\u0131 bir \u015fekilde hareket eder; sivil toplum \u00f6rg\u00fctlerinde, kamu yarar\u0131na olan hizmetlerde, bu konularda uygun faaliyetlerde rol almaya \u00e7al\u0131\u015f\u0131r\u0131z.<\/p>\t\t\t\t\t\t\t\t<\/div>\n\t\t\t\t<\/div>\n\t\t\t\t\t<\/div>\n\t\t<\/div>\n\t\t\t\t\t<\/div>\n\t\t<\/section>\n\t\t\t\t<\/div>\n\t\t","protected":false},"excerpt":{"rendered":"<p>Firma hakk\u0131nda Orca\u00a0bir TEKOP GRUP \u00fcyesidir. \u201c Tekop Refrigeration so\u011futma sekt\u00f6r\u00fcnde m\u00fc\u015fterileri i\u00e7in g\u00fcvenilir bir firma olmak amac\u0131yla \u00e7al\u0131\u015fmaktad\u0131r. \u201c Uluslararas\u0131 yap\u0131lan ticaretlerde g\u00fcvenilir bir&hellip;<\/p>\n","protected":false},"author":2,"featured_media":0,"parent":0,"menu_order":0,"comment_status":"closed","ping_status":"closed","template":"","meta":{"footnotes":""},"class_list":["post-714","page","type-page","status-publish","hentry"],"aioseo_notices":[],"_links":{"self":[{"href":"https:\/\/orcarefrigerationunit.com\/tr\/wp-json\/wp\/v2\/pages\/714","targetHints":{"allow":["GET"]}}],"collection":[{"href":"https:\/\/orcarefrigerationunit.com\/tr\/wp-json\/wp\/v2\/pages"}],"about":[{"href":"https:\/\/orcarefrigerationunit.com\/tr\/wp-json\/wp\/v2\/types\/page"}],"author":[{"embeddable":true,"href":"https:\/\/orcarefrigerationunit.com\/tr\/wp-json\/wp\/v2\/users\/2"}],"replies":[{"embeddable":true,"href":"https:\/\/orcarefrigerationunit.com\/tr\/wp-json\/wp\/v2\/comments?post=714"}],"version-history":[{"count":4,"href":"https:\/\/orcarefrigerationunit.com\/tr\/wp-json\/wp\/v2\/pages\/714\/revisions"}],"predecessor-version":[{"id":1179,"href":"https:\/\/orcarefrigerationunit.com\/tr\/wp-json\/wp\/v2\/pages\/714\/revisions\/1179"}],"wp:attachment":[{"href":"https:\/\/orcarefrigerationunit.com\/tr\/wp-json\/wp\/v2\/media?parent=714"}],"curies":[{"name":"wp","href":"https:\/\/api.w.org\/{rel}","templated":true}]}}