{"id":782,"date":"2018-11-06T10:57:43","date_gmt":"2018-11-06T10:57:43","guid":{"rendered":"http:\/\/orcarefrigerationunit.com\/product\/industrial-evaporators\/"},"modified":"2026-01-15T11:33:38","modified_gmt":"2026-01-15T11:33:38","slug":"endustriyel-evaporatorler","status":"publish","type":"product","link":"http:\/\/orcarefrigerationunit.com\/tr\/urun\/endustriyel-evaporatorler\/","title":{"rendered":"End\u00fcstriyel Evaporat\u00f6rler"},"content":{"rendered":"","protected":false},"excerpt":{"rendered":"<p>End\u00fcstriyel evaporat\u00f6rlerimiz her t\u00fcrl\u00fc end\u00fcstriyel so\u011futma ihtiya\u00e7lar\u0131n\u0131 kar\u015f\u0131layabilmektedir. 17,9kW\/172,8kW gibi geni\u015f bir kapasite aral\u0131\u011f\u0131n\u0131 i\u00e7ermektedir.<\/p>\n<p><i class=\"fa fa-recycle\"><\/i>\u00c7evre Dostu<\/p>\n<p><i class=\"fa fa-certificate\"><\/i>Sertifikal\u0131<\/p>\n<p><i class=\"fa fa-bolt\"><\/i>Enerji Tasarruflu<\/p>\n<p><a href=\"http:\/\/orcarefrigerationunit.com\/wp-content\/uploads\/2018\/11\/Industrial-Evaporators.pdf\" target=\"_blank\" rel=\"noopener\"><img decoding=\"async\" class=\"alignleft wp-image-910 size-full\" src=\"http:\/\/orcarefrigerationunit.com\/wp-content\/uploads\/2018\/11\/pdf.png\" alt=\"Orca Catalogues\" width=\"49\" height=\"48\" \/><\/a><\/p>\n","protected":false},"featured_media":1645,"comment_status":"open","ping_status":"closed","template":"","meta":[],"product_brand":[],"product_cat":[67],"product_tag":[77,83,48,72],"class_list":{"0":"post-782","1":"product","2":"type-product","3":"status-publish","4":"has-post-thumbnail","6":"product_cat-evaporatorler","7":"product_tag-evaporator-tr","8":"product_tag-oda","9":"product_tag-orca-tr","10":"product_tag-soguk","12":"first","13":"instock","14":"shipping-taxable","15":"product-type-simple","16":"customify-col"},"aioseo_notices":[],"_links":{"self":[{"href":"http:\/\/orcarefrigerationunit.com\/tr\/wp-json\/wp\/v2\/product\/782","targetHints":{"allow":["GET"]}}],"collection":[{"href":"http:\/\/orcarefrigerationunit.com\/tr\/wp-json\/wp\/v2\/product"}],"about":[{"href":"http:\/\/orcarefrigerationunit.com\/tr\/wp-json\/wp\/v2\/types\/product"}],"replies":[{"embeddable":true,"href":"http:\/\/orcarefrigerationunit.com\/tr\/wp-json\/wp\/v2\/comments?post=782"}],"wp:featuredmedia":[{"embeddable":true,"href":"http:\/\/orcarefrigerationunit.com\/tr\/wp-json\/wp\/v2\/media\/1645"}],"wp:attachment":[{"href":"http:\/\/orcarefrigerationunit.com\/tr\/wp-json\/wp\/v2\/media?parent=782"}],"wp:term":[{"taxonomy":"product_brand","embeddable":true,"href":"http:\/\/orcarefrigerationunit.com\/tr\/wp-json\/wp\/v2\/product_brand?post=782"},{"taxonomy":"product_cat","embeddable":true,"href":"http:\/\/orcarefrigerationunit.com\/tr\/wp-json\/wp\/v2\/product_cat?post=782"},{"taxonomy":"product_tag","embeddable":true,"href":"http:\/\/orcarefrigerationunit.com\/tr\/wp-json\/wp\/v2\/product_tag?post=782"}],"curies":[{"name":"wp","href":"https:\/\/api.w.org\/{rel}","templated":true}]}}