{"id":1175,"date":"2019-01-10T11:35:11","date_gmt":"2019-01-10T11:50:42","guid":{"rendered":"http:\/\/orcarefrigerationunit.com\/?post_type=product&#038;p=1175"},"modified":"2026-01-15T11:29:01","modified_gmt":"2026-01-15T11:29:01","slug":"soguk-oda-amonyak-evaporatorler","status":"publish","type":"product","link":"http:\/\/orcarefrigerationunit.com\/tr\/urun\/soguk-oda-amonyak-evaporatorler\/","title":{"rendered":"Amonyak Evaporat\u00f6rler"},"content":{"rendered":"","protected":false},"excerpt":{"rendered":"<p>Amonyak so\u011fuk oda evaporat\u00f6rlerimiz k\u00fc\u00e7\u00fck, orta so\u011futma ihtiya\u00e7lar\u0131n\u0131 kar\u015f\u0131layabilmekte olup ticari ve end\u00fcstriyel so\u011futucu taleplerine cevap verebilmektedir.<\/p>\n<p><i class=\"fa fa-recycle\"><\/i>\u00c7evre Dostu<\/p>\n<p><i class=\"fa fa-certificate\"><\/i>Sertifikal\u0131<\/p>\n<p><i class=\"fa fa-bolt\"><\/i>Enerji Tasarruflu<\/p>\n<p><a href=\"http:\/\/orcarefrigerationunit.com\/wp-content\/uploads\/2019\/01\/Ammonia-Evaporators.pdf\" target=\"_blank\" rel=\"noopener\"><img decoding=\"async\" class=\"alignleft wp-image-910 size-full\" src=\"http:\/\/orcarefrigerationunit.com\/wp-content\/uploads\/2018\/11\/pdf.png\" alt=\"Orca Catalogues\" width=\"49\" height=\"48\" \/><\/a><\/p>\n","protected":false},"featured_media":1645,"comment_status":"open","ping_status":"closed","template":"","meta":[],"product_brand":[],"product_cat":[67],"product_tag":[77],"class_list":{"0":"post-1175","1":"product","2":"type-product","3":"status-publish","4":"has-post-thumbnail","6":"product_cat-evaporatorler","7":"product_tag-evaporator-tr","9":"first","10":"instock","11":"shipping-taxable","12":"product-type-simple","13":"customify-col"},"aioseo_notices":[],"_links":{"self":[{"href":"http:\/\/orcarefrigerationunit.com\/tr\/wp-json\/wp\/v2\/product\/1175","targetHints":{"allow":["GET"]}}],"collection":[{"href":"http:\/\/orcarefrigerationunit.com\/tr\/wp-json\/wp\/v2\/product"}],"about":[{"href":"http:\/\/orcarefrigerationunit.com\/tr\/wp-json\/wp\/v2\/types\/product"}],"replies":[{"embeddable":true,"href":"http:\/\/orcarefrigerationunit.com\/tr\/wp-json\/wp\/v2\/comments?post=1175"}],"wp:featuredmedia":[{"embeddable":true,"href":"http:\/\/orcarefrigerationunit.com\/tr\/wp-json\/wp\/v2\/media\/1645"}],"wp:attachment":[{"href":"http:\/\/orcarefrigerationunit.com\/tr\/wp-json\/wp\/v2\/media?parent=1175"}],"wp:term":[{"taxonomy":"product_brand","embeddable":true,"href":"http:\/\/orcarefrigerationunit.com\/tr\/wp-json\/wp\/v2\/product_brand?post=1175"},{"taxonomy":"product_cat","embeddable":true,"href":"http:\/\/orcarefrigerationunit.com\/tr\/wp-json\/wp\/v2\/product_cat?post=1175"},{"taxonomy":"product_tag","embeddable":true,"href":"http:\/\/orcarefrigerationunit.com\/tr\/wp-json\/wp\/v2\/product_tag?post=1175"}],"curies":[{"name":"wp","href":"https:\/\/api.w.org\/{rel}","templated":true}]}}